{"id":100,"date":"2013-10-25T15:17:14","date_gmt":"2013-10-25T13:17:14","guid":{"rendered":"http:\/\/www.bausatzelemente.de\/?page_id=100"},"modified":"2023-01-11T05:58:38","modified_gmt":"2023-01-11T03:58:38","slug":"impressum","status":"publish","type":"page","link":"http:\/\/bausatzelemente.de\/?page_id=100","title":{"rendered":"Impressum"},"content":{"rendered":"<p>Fassadenhandel Grams<br \/>\nLucas-Cranach-Stra\u00dfe 14<br \/>\nD-39112 Magdeburg<\/p>\n<p>Gesch\u00e4ftsf\u00fchrer: Carlo Grams<\/p>\n<p>Telefon: +49 391 5572 1819<\/p>\n<p>info@fassaden-kaufen.de<br \/>\nwww.fassaden-kaufen.de<\/p>\n<p><!--\n\n\n<p style=\"margin: 0px;\">Gesch\u00e4ftsf\u00fchrer:<\/p>\n\n\n\n\n<p style=\"margin: 0px;\">U. Kr\u00fcger<\/p>\n\n\n\n--><\/p>\n<p>Die Europ\u00e4ische Kommission stellt eine Plattform zur Online-Streitbeilegung (OS) bereit. Die Plattform finden Sie unter <a href=\"http:\/\/ec.europa.eu\/consumers\/odr\/\" target=\"_blank\" rel=\"noopener noreferrer\">http:\/\/ec.europa.eu\/consumers\/odr\/<\/a><\/p>\n","protected":false},"excerpt":{"rendered":"<p>Fassadenhandel Grams Lucas-Cranach-Stra\u00dfe 14 D-39112 Magdeburg Gesch\u00e4ftsf\u00fchrer: Carlo Grams Telefon: +49 391 5572 1819 info@fassaden-kaufen.de www.fassaden-kaufen.de Die Europ\u00e4ische Kommission stellt eine Plattform zur Online-Streitbeilegung (OS) bereit. Die Plattform finden Sie unter http:\/\/ec.europa.eu\/consumers\/odr\/<\/p>\n","protected":false},"author":1,"featured_media":0,"parent":0,"menu_order":6,"comment_status":"closed","ping_status":"closed","template":"","meta":{"footnotes":"","_links_to":"","_links_to_target":""},"class_list":["post-100","page","type-page","status-publish","hentry"],"_links":{"self":[{"href":"http:\/\/bausatzelemente.de\/index.php?rest_route=\/wp\/v2\/pages\/100","targetHints":{"allow":["GET"]}}],"collection":[{"href":"http:\/\/bausatzelemente.de\/index.php?rest_route=\/wp\/v2\/pages"}],"about":[{"href":"http:\/\/bausatzelemente.de\/index.php?rest_route=\/wp\/v2\/types\/page"}],"author":[{"embeddable":true,"href":"http:\/\/bausatzelemente.de\/index.php?rest_route=\/wp\/v2\/users\/1"}],"replies":[{"embeddable":true,"href":"http:\/\/bausatzelemente.de\/index.php?rest_route=%2Fwp%2Fv2%2Fcomments&post=100"}],"version-history":[{"count":13,"href":"http:\/\/bausatzelemente.de\/index.php?rest_route=\/wp\/v2\/pages\/100\/revisions"}],"predecessor-version":[{"id":301,"href":"http:\/\/bausatzelemente.de\/index.php?rest_route=\/wp\/v2\/pages\/100\/revisions\/301"}],"wp:attachment":[{"href":"http:\/\/bausatzelemente.de\/index.php?rest_route=%2Fwp%2Fv2%2Fmedia&parent=100"}],"curies":[{"name":"wp","href":"https:\/\/api.w.org\/{rel}","templated":true}]}}