{"id":19,"date":"2012-09-03T16:43:54","date_gmt":"2012-09-03T16:43:54","guid":{"rendered":"http:\/\/dachplatten.bausatzelemente.de\/bausatzelemente.de\/?page_id=19"},"modified":"2017-03-26T06:10:33","modified_gmt":"2017-03-26T04:10:33","slug":"fassadenverkleidungen","status":"publish","type":"page","link":"http:\/\/bausatzelemente.de\/?page_id=19","title":{"rendered":"Fassadenverkleidungen kaufen"},"content":{"rendered":"<p>Neben der Dachverkleidung, ist die <strong>Fassadenverkleidung<\/strong>wichtiges Element der Au\u00dfenverkleidung eines Geb\u00e4udes.<\/p>\n<p><strong>Fassadenverkleidungen<\/strong> machen Ihr Haus nicht nur optisch attraktiver, sondern sie sch\u00fctzen Ihr Haus vor unangenehmen und sch\u00e4dlichen Witterungseinfl\u00fcssen. <strong>Fassadenverkleidungen<\/strong> sorgen also mit daf\u00fcr, dass die Bausubstanz nicht besch\u00e4digt wird.<\/p>\n<p><strong>Fassadenverkleidungen<\/strong> erf\u00fcllen noch mehr Aufgaben. Sie sind wichtig f\u00fcr L\u00e4rmschutz, Brandschutz und nicht zuletzt f\u00fcr eine gute W\u00e4rmed\u00e4mmung. All das muss bei der Planung beachtet werden, damit in den Wohn- oder Arbeitsbereichen ein behagliches und angenehmes Raumklima herrschen kann.<\/p>\n<p><strong>Fassadenverkleidungen<\/strong> m\u00fcssen vor dem Kauf, mit dem Mauerwerk abgestimmt werden. Nicht jedes <strong>Fassadenelement<\/strong>passt zu jeder Bausubstanz.<\/p>\n<p><a href=\"http:\/\/bausatzelemente.de\/wp-content\/uploads\/2012\/09\/polyface12.jpg\"><img loading=\"lazy\" decoding=\"async\" class=\"alignnone size-full wp-image-85\" alt=\"polyface1\" src=\"http:\/\/bausatzelemente.de\/wp-content\/uploads\/2012\/09\/polyface12.jpg\" width=\"300\" height=\"61\" \/><\/a><\/p>\n<p><a title=\"Fassadenverkleidungen Fassadenelemente\" href=\"https:\/\/www.fassaden-kaufen.de\/fassadenverkleidung-klinker\/\">Fassadenverkleidungen<\/a> in unserem Online-Shop<\/p>\n<p>Das Aussehen einer <strong>Fassadenverkleidung<\/strong> ist nat\u00fcrlich von gro\u00dfer Bedeutung. Sie sollte dem Charakter des Hauses entsprechen, es optisch aufwerten und zu den Dachverkleidungen passen. Wir bieten in unserem Online-Shop <strong>Fassadenverkleidungen<\/strong> verschiedener Strukturen, Farben und Materialien an.<\/p>\n<p>Lassen Sie sich unbedingt vor dem Kauf einer <strong>Fassadenverkleidung<\/strong> von einem Profi in Sachen Au\u00dfenverkleidung beraten.<\/p>\n<p>Auf unserer Webseite finden Sie neben einer gro\u00dfen Auswahl an <strong>Fassadenverkleidungen<\/strong>verschiedener Anbieter, zahlreiche Prospekte und Montageanleitungen.<\/p>\n<p>Beim Kaufen von <strong>Fassadenpaneelen<\/strong> sollte man einen Fachmann zu Rate ziehen und sich ausgiebig beraten lassen.<\/p>\n<p><strong>Fassaden<\/strong> sind das Aush\u00e4ngeschild eines Hauses. Sie bestimmen den Gesamteindruck des Bauwerks wesentlich. Die wichtigste Aufgabe der <strong>Fassadenpaneele<\/strong> besteht jedoch in der W\u00e4rmeisolation des Hauses sowie dem Schutz vor Feuer oder L\u00e4rm. Will man ein <strong>Fassade kaufen<\/strong>, sollte man unbedingt darauf achten.<\/p>\n<p><a href=\"http:\/\/bausatzelemente.de\/wp-content\/uploads\/2012\/09\/vinytherm2.jpg\"><img loading=\"lazy\" decoding=\"async\" class=\"alignnone size-full wp-image-86\" alt=\"vinytherm2\" src=\"http:\/\/bausatzelemente.de\/wp-content\/uploads\/2012\/09\/vinytherm2.jpg\" width=\"300\" height=\"61\" \/><\/a><\/p>\n<p><a title=\"Fassadenelemente Fassadenverkleidungen\" href=\"https:\/\/www.fassaden-kaufen.de\/fassadenverkleidung-klinker\/\">Fassadenverkleidungen<\/a> in unserem Online-Shop<\/p>\n<p>Die Auswahl an <strong>Fassadenverkleidungen<\/strong> ist enorm. Sie k\u00f6nnen zwischen verschiedenen Farben, Formen und Materialien w\u00e4hlen. Lassen Sie beim <strong>Fassadenkauf<\/strong> die Beschaffenheit der <strong>Fassade<\/strong> und die allgemeinen architektonischen Gegebenheiten nicht au\u00dfer Acht. Kl\u00e4ren Sie mit uns vor dem <strong>Fassadenkauf<\/strong> ab, welche <strong>Fassadenpaneele<\/strong> f\u00fcr Sie am besten sind. Auf unserer Homepage finden Sie zudem umfangreiches Informationsmaterial zu den angebotenen <strong>Fassadenverkleidungen<\/strong>und Montageanleitungen.<\/p>\n<p>Unser Shop bietet Ihnen diverse <strong>Fassadenpaneele<\/strong>, die Ihrem Haus ein zeitloses und modernes Aussehen verleihen und leicht zu montieren sind. Beim <strong>Fassaden kaufen<\/strong> stehen wir dem Kunden fachkundig Seite. Die Anspr\u00fcche des Kunden sind die Basis unsers Handelns. Wir hinterfragen sowohl die bauliche Gegebenheiten als auch den Zweck, den das Geb\u00e4ude erf\u00fcllen soll und ob es eher modern oder eher traditionell wirken soll. Die vom Kunden erworbenen <strong>Fassadenverkleidungen<\/strong>sollen voll und ganz seinen Anspr\u00fcchen gerecht werden.<\/p>\n<p>&nbsp;<\/p>\n","protected":false},"excerpt":{"rendered":"<p>Neben der Dachverkleidung, ist die Fassadenverkleidungwichtiges Element der Au\u00dfenverkleidung eines Geb\u00e4udes. Fassadenverkleidungen machen Ihr Haus nicht nur optisch attraktiver, sondern sie sch\u00fctzen Ihr Haus vor unangenehmen und sch\u00e4dlichen Witterungseinfl\u00fcssen. Fassadenverkleidungen sorgen also mit daf\u00fcr, dass die Bausubstanz nicht besch\u00e4digt wird.<\/p>\n<p><a class=\"more-link\" href=\"http:\/\/bausatzelemente.de\/?page_id=19\">Continue reading<\/a><\/p>\n","protected":false},"author":1,"featured_media":0,"parent":0,"menu_order":2,"comment_status":"closed","ping_status":"closed","template":"","meta":{"footnotes":"","_links_to":"","_links_to_target":""},"class_list":["post-19","page","type-page","status-publish","hentry"],"_links":{"self":[{"href":"http:\/\/bausatzelemente.de\/index.php?rest_route=\/wp\/v2\/pages\/19","targetHints":{"allow":["GET"]}}],"collection":[{"href":"http:\/\/bausatzelemente.de\/index.php?rest_route=\/wp\/v2\/pages"}],"about":[{"href":"http:\/\/bausatzelemente.de\/index.php?rest_route=\/wp\/v2\/types\/page"}],"author":[{"embeddable":true,"href":"http:\/\/bausatzelemente.de\/index.php?rest_route=\/wp\/v2\/users\/1"}],"replies":[{"embeddable":true,"href":"http:\/\/bausatzelemente.de\/index.php?rest_route=%2Fwp%2Fv2%2Fcomments&post=19"}],"version-history":[{"count":10,"href":"http:\/\/bausatzelemente.de\/index.php?rest_route=\/wp\/v2\/pages\/19\/revisions"}],"predecessor-version":[{"id":142,"href":"http:\/\/bausatzelemente.de\/index.php?rest_route=\/wp\/v2\/pages\/19\/revisions\/142"}],"wp:attachment":[{"href":"http:\/\/bausatzelemente.de\/index.php?rest_route=%2Fwp%2Fv2%2Fmedia&parent=19"}],"curies":[{"name":"wp","href":"https:\/\/api.w.org\/{rel}","templated":true}]}}